{"id":51,"date":"2024-02-09T21:42:59","date_gmt":"2024-02-09T21:42:59","guid":{"rendered":"https:\/\/grupotasavi.com\/index.php\/home\/"},"modified":"2026-02-05T12:07:17","modified_gmt":"2026-02-05T18:07:17","slug":"home","status":"publish","type":"page","link":"https:\/\/grupotasavi.com\/","title":{"rendered":"Home"},"content":{"rendered":"<h6>Somos una empresa especializada en<\/h6>\n<h1>Eventos, experiencias y gastronom\u00eda<\/h1>\n<h5>M\u00e1s de <b>750 eventos y marcas de prestigio <\/b> respaldan nuestra calidad<\/h5>\n<p>\t\t\t\t\t<a href=\"#contacto\"><br \/>\n\t\t\t\t\t\t\t\t\tM\u00e1s informaci\u00f3n<br \/>\n\t\t\t\t\t<\/a><\/p>\n<h6>Conozca nuestros<\/h6>\n<h2>Servicios<\/h2>\n<p>Nos encargamos de la planeaci\u00f3n, log\u00edstica y ejecuci\u00f3n de diversos tipos de eventos que detallamos a continuaci\u00f3n.<\/p>\n<figure><img loading=\"lazy\" decoding=\"async\" width=\"940\" height=\"788\" src=\"https:\/\/grupotasavi.com\/wp-content\/uploads\/2024\/02\/eventos.jpg\" alt=\"Servicio de Eventos\" \/><\/figure>\n<h2>Eventos<\/h2>\n<p>El \u00e9xito de tu evento requiere de la mejor log\u00edstica y experiencia en soluciones.<\/p>\n<figure><img loading=\"lazy\" decoding=\"async\" width=\"940\" height=\"788\" src=\"https:\/\/grupotasavi.com\/wp-content\/uploads\/2024\/02\/experiencias.jpg\" alt=\"Servicio de Experiencias\" \/><\/figure>\n<h4>Experiencias<\/h4>\n<p>Si deseas hacer lanzamientos o presentaciones memorables somos tu mejor aliado.<\/p>\n<figure><img loading=\"lazy\" decoding=\"async\" width=\"940\" height=\"788\" src=\"https:\/\/grupotasavi.com\/wp-content\/uploads\/2024\/02\/gastronomia.jpg\" alt=\"Servicio de Gastronom\u00eda\" \/><\/figure>\n<h4>Gastronom\u00eda<\/h4>\n<p>Servicio de catering desde una boda, un cumplea\u00f1os hasta tu evento corporativo.<\/p>\n<p>\t\t\t\t\t<a href=\"#contacto\"><br \/>\n\t\t\t\t\t\t\t\t\tM\u00e1s informaci\u00f3n<br \/>\n\t\t\t\t\t<\/a><\/p>\n<h6>Conozca nuestras<\/h6>\n<h3>Alianzas Comerciales<\/h3>\n<p>Contamos con alianzas y socios comerciales importantes, as\u00ed como tambi\u00e9n nuestras propias marcas en diferentes art\u00edculos l\u00edderes como lo son:<\/p>\n<figure><img loading=\"lazy\" decoding=\"async\" width=\"940\" height=\"788\" src=\"https:\/\/grupotasavi.com\/wp-content\/uploads\/2024\/02\/granos-basicos.jpg\" alt=\"\" \/><\/figure>\n<h4>Alimentos de<br \/>Canasta B\u00e1sica<\/h4>\n<p>Amplia existencia y variedad de granos y productos b\u00e1sicos alimentarios.<\/p>\n<figure><img loading=\"lazy\" decoding=\"async\" width=\"940\" height=\"788\" src=\"https:\/\/grupotasavi.com\/wp-content\/uploads\/2024\/02\/alimentos-procesados.jpg\" alt=\"\" \/><\/figure>\n<h4>Alimentos<br \/>Procesados<\/h4>\n<p>Contamos con embutidos, galletas, l\u00e1cteos y mucho m\u00e1s para sus banquetes.<\/p>\n<figure><img loading=\"lazy\" decoding=\"async\" width=\"940\" height=\"788\" src=\"https:\/\/grupotasavi.com\/wp-content\/uploads\/2024\/02\/alimentos-congelados.jpg\" alt=\"\" \/><\/figure>\n<h4>Alimentos<br \/>Congelados<\/h4>\n<p>Perfectamente conservados y empacados con estrictas medidas sanitarias.<\/p>\n<figure><img loading=\"lazy\" decoding=\"async\" width=\"940\" height=\"788\" src=\"https:\/\/grupotasavi.com\/wp-content\/uploads\/2024\/02\/vinedos.jpg\" alt=\"\" \/><\/figure>\n<h4>Vinos y vi\u00f1edos dentro y fuera del pa\u00eds<\/h4>\n<p>Vinos de las mejores a\u00f1adas, cosechadas con est\u00e1ndares mundiales.<\/p>\n<figure><img loading=\"lazy\" decoding=\"async\" width=\"940\" height=\"788\" src=\"https:\/\/grupotasavi.com\/wp-content\/uploads\/2024\/02\/destilados.jpg\" alt=\"\" \/><\/figure>\n<h4>Destilados y<br \/>Cervezas<\/h4>\n<p>Alta calidad y variedad en bebidas destiladas y fermentadas para sus eventos.<\/p>\n<p>\t\t\t\t\t<a href=\"#contacto\"><br \/>\n\t\t\t\t\t\t\t\t\tM\u00e1s informaci\u00f3n<br \/>\n\t\t\t\t\t<\/a><\/p>\n<h6>Conozca m\u00e1s sobre<\/h6>\n<h2>Nosotros<\/h2>\n<p>Nuestro principal compromiso es brindar una planeaci\u00f3n estrat\u00e9gica con un seguimiento puntual de todos nuestros servicios logrando as\u00ed poder generar un evento que supere todas las expectativas de nuestros clientes.<\/p>\n<p>Grupo TASAVI est\u00e1 considerada como una de las empresas integrales l\u00edderes en el \u00e1mbito de eventos, experiencias y gastronom\u00eda.<\/p>\n<p>\t\t\t\t\t<a href=\"#contacto\"><br \/>\n\t\t\t\t\t\t\t\t\tM\u00e1s informaci\u00f3n<br \/>\n\t\t\t\t\t<\/a><\/p>\n<figure><img decoding=\"async\" src=\"https:\/\/grupotasavi.com\/wp-content\/uploads\/2024\/02\/tasavi-congresos.jpg\" alt=\"Congresos\" \/><\/figure>\n<figure><img decoding=\"async\" src=\"https:\/\/grupotasavi.com\/wp-content\/uploads\/2024\/02\/tasavi-bodas.jpg\" alt=\"Bodas\" \/><\/figure>\n<figure><img decoding=\"async\" src=\"https:\/\/grupotasavi.com\/wp-content\/uploads\/2024\/02\/tasavi-experiencias.jpg\" alt=\"Experiencias\" \/><\/figure>\n<figure><img decoding=\"async\" src=\"https:\/\/grupotasavi.com\/wp-content\/uploads\/2024\/02\/tasavi-bodas-2.jpg\" alt=\"Bodas\" \/><\/figure>\n<figure><img decoding=\"async\" src=\"https:\/\/grupotasavi.com\/wp-content\/uploads\/2024\/02\/tasavi-congresos-2.jpg\" alt=\"Congresos\" \/><\/figure>\n<figure><img decoding=\"async\" src=\"https:\/\/grupotasavi.com\/wp-content\/uploads\/2024\/02\/nosotros-tasavi.jpg\" alt=\"Experiencias\" \/><\/figure>\n<h2>Experiencia<\/h2>\n<p>La gran trayectoria y experiencia de nuestro equipo, est\u00e1 sustentada con profesionales l\u00edderes quienes d\u00eda a d\u00eda trabajan para ofrecer las mejores experiencias a nuestros clientes y socios comerciales.\n<\/p>\n<p>Realizamos eventos sociales, corporativos y personales para el sector p\u00fablico y privado. as\u00ed como tambi\u00e9n eventos masivos para empresas como:<\/p>\n<figure><img decoding=\"async\" src=\"https:\/\/grupotasavi.com\/wp-content\/uploads\/2024\/02\/qualitas.png\" alt=\"Qu\u00e1litas - Compa\u00f1\u00eda de Seguros\" \/><\/figure>\n<figure><img decoding=\"async\" src=\"https:\/\/grupotasavi.com\/wp-content\/uploads\/2024\/02\/F1.png\" alt=\"F1\" \/><\/figure>\n<figure><img decoding=\"async\" src=\"https:\/\/grupotasavi.com\/wp-content\/uploads\/2024\/02\/Intel-logo-2022.png\" alt=\"Intel\" \/><\/figure>\n<figure><img decoding=\"async\" src=\"https:\/\/grupotasavi.com\/wp-content\/uploads\/2024\/02\/tequila-don-ramon.png\" alt=\"Tequila Don Ram\u00f3n\" \/><\/figure>\n<h6>p\u00f3ngase en<\/h6>\n<h2>Contacto<\/h2>\n<p>Nuestro principal compromiso es brindar una planeaci\u00f3n estrat\u00e9gica con un seguimiento puntual de todos nuestros servicios logrando as\u00ed poder generar un evento que supere todas las expectativas de nuestros clientes.<\/p>\n<p>Grupo TASAVI est\u00e1 considerada como una de las empresas integrales l\u00edderes en el \u00e1mbito de eventos, experiencias y gastronom\u00eda.<\/p>\n","protected":false},"excerpt":{"rendered":"<p>Somos una empresa especializada en Eventos, experiencias y gastronom\u00eda M\u00e1s de 750 eventos y marcas de prestigio respaldan nuestra calidad M\u00e1s informaci\u00f3n Conozca nuestros Servicios Nos encargamos de la planeaci\u00f3n, log\u00edstica y ejecuci\u00f3n de diversos tipos de eventos que detallamos a continuaci\u00f3n. Eventos El \u00e9xito de tu evento requiere de la mejor log\u00edstica y experiencia [&hellip;]<\/p>\n","protected":false},"author":1,"featured_media":0,"parent":0,"menu_order":0,"comment_status":"closed","ping_status":"closed","template":"elementor_header_footer","meta":{"footnotes":""},"class_list":["post-51","page","type-page","status-publish","hentry"],"_links":{"self":[{"href":"https:\/\/grupotasavi.com\/index.php\/wp-json\/wp\/v2\/pages\/51","targetHints":{"allow":["GET"]}}],"collection":[{"href":"https:\/\/grupotasavi.com\/index.php\/wp-json\/wp\/v2\/pages"}],"about":[{"href":"https:\/\/grupotasavi.com\/index.php\/wp-json\/wp\/v2\/types\/page"}],"author":[{"embeddable":true,"href":"https:\/\/grupotasavi.com\/index.php\/wp-json\/wp\/v2\/users\/1"}],"replies":[{"embeddable":true,"href":"https:\/\/grupotasavi.com\/index.php\/wp-json\/wp\/v2\/comments?post=51"}],"version-history":[{"count":454,"href":"https:\/\/grupotasavi.com\/index.php\/wp-json\/wp\/v2\/pages\/51\/revisions"}],"predecessor-version":[{"id":667,"href":"https:\/\/grupotasavi.com\/index.php\/wp-json\/wp\/v2\/pages\/51\/revisions\/667"}],"wp:attachment":[{"href":"https:\/\/grupotasavi.com\/index.php\/wp-json\/wp\/v2\/media?parent=51"}],"curies":[{"name":"wp","href":"https:\/\/api.w.org\/{rel}","templated":true}]}}